{"id":49,"date":"2015-06-17T19:17:10","date_gmt":"2015-06-17T17:17:10","guid":{"rendered":"https:\/\/www.bi-elbinseln.de\/manufaktur\/?page_id=49"},"modified":"2017-04-15T11:43:00","modified_gmt":"2017-04-15T09:43:00","slug":"agbs","status":"publish","type":"page","link":"https:\/\/www.bi-elbinseln.de\/manufaktur\/agbs\/","title":{"rendered":"AGBs"},"content":{"rendered":"<h1>Allgemeine Gesch\u00e4ftsbedingungen<\/h1>\n<p>BI Beruf und Integration Elbinseln gGmbH<br \/>\nNeuh\u00f6fer Stra\u00dfe 26<br \/>\n21107 Hamburg<\/p>\n<p>&#8211; nachfolgend Anbieter \u2013<\/p>\n<h3>\u00a7 1 Geltungsbereich<\/h3>\n<p>(1) Die Leistungen des Anbieters f\u00fcr den Online-Shop unter <a href=\"https:\/\/www.bi-elbinseln.de\/manufaktur\/\">https:\/\/www.bi-elbinseln.de\/manufaktur\/<\/a>\u00a0erfolgen ausschlie\u00dflich auf der Grundlage der nachfolgenden\u00a0Allgemeinen Gesch\u00e4ftsbedingungen in der \u00a0um Zeitpunkt der Bestellung g\u00fcltigen\u00a0Fassung.<\/p>\n<p>(2) Unsere Allgemeinen Gesch\u00e4ftsbedingungen gelten ausschlie\u00dflich. Von unseren\u00a0Allgemeinen Gesch\u00e4ftsbedingungen abweichende AGB des Bestellers haben keine\u00a0G\u00fcltigkeit, es sei denn wir stimmen diesen ausdr\u00fccklich zu.<\/p>\n<h3>\u00a7 2 Vertragsschluss<\/h3>\n<p>(1) Unsere Angebote im Internet stellen eine unverbindliche Aufforderung an den\u00a0Kunden dar, Waren zu bestellen. Durch das Absenden der Bestellung auf unserer\u00a0Website gibt der Kunde ein verbindliches Angebot auf Vertragsschluss ab.<\/p>\n<p>(2) Die Best\u00e4tigung des Eingangs der Bestellung folgt unmittelbar nach dem\u00a0Absenden der Bestellung und stellt noch keine Vertragsannahme dar. Wir k\u00f6nnen\u00a0Ihre Bestellung durch Versand einer Annahmebest\u00e4tigung per E-Mail innerhalb von 2\u00a0Werktagen annehmen.<\/p>\n<h3>\u00a7 3 Zahlung, Verzug<\/h3>\n<p>(1) Es gelten die zum Zeitpunkt der Bestellung auf unserer Website aufgef\u00fchrten\u00a0Preise. Alle Preise gelten inklusive der gesetzlichen Mehrwertsteuer sowie zuz\u00fcglich\u00a0der jeweils aufgef\u00fchrten Versandkosten.<\/p>\n<p>(2) Die Zahlung des Kaufpreises ist m\u00f6glich per \u00dcberweisung\/Vorauskasse oder per\u00a0\u00dcberweisung nach Erhalt der Ware.<\/p>\n<p>(3) Kommt der Besteller in Zahlungsverzug, so sind wir berechtigt, Verzugszinsen in\u00a0H\u00f6he von 5 Prozentpunkten \u00fcber dem Basiszinssatz der Europ\u00e4ischen Zentralbank\u00a0zu fordern. F\u00fcr den Fall, dass wir einen h\u00f6heren Verzugsschaden geltend machen,\u00a0hat der Besteller die M\u00f6glichkeit nachzuweisen, dass der geltend gemachte\u00a0Verzugsschaden \u00fcberhaupt nicht oder in zumindest wesentlich niedrigerer H\u00f6he\u00a0angefallen ist.<\/p>\n<h3>\u00a7 4 Eigentumsvorbehalt<\/h3>\n<p>Wir behalten uns das Eigentum an der gelieferten Sache bis zur vollst\u00e4ndigen\u00a0Zahlung des Kaufpreises vor.<\/p>\n<h3>\u00a7 5 Lieferung<\/h3>\n<p>(1) Die Lieferung erfolgt innerhalb von 4-6 Tagen bei einer Standardlieferung\u00a0innerhalb Deutschlands. Informationen zur Lieferzeit bei Expressversand, zur\u00a0Lieferung in andere L\u00e4nder und zur Berechnung der Lieferfrist finden Sie hier (<a href=\"\/versandarten-lieferzeiten\/\">Versandarten &amp; Lieferzeiten<\/a>).<\/p>\n<p>Auf eventuell abweichende Lieferzeiten weisen wir auf der jeweiligen Produktseite\u00a0hin. Der Beginn der von uns angegebenen Lieferzeit setzt die rechtzeitige und\u00a0ordnungsgem\u00e4\u00dfe Erf\u00fcllung der Verpflichtungen des Kunden voraus, insbesondere\u00a0die korrekte Angabe der Lieferadresse im Rahmen der Bestellung.<\/p>\n<p>(2) Falls der Anbieter ohne eigenes Verschulden zur Lieferung der bestellten Ware\u00a0nicht in der Lage ist, weil der Lieferant des Anbieters seine vertraglichen\u00a0Verpflichtungen nicht erf\u00fcllt, wird der Kunde unverz\u00fcglich dar\u00fcber informiert, dass die\u00a0bestellte Ware nicht zur Verf\u00fcgung steht. Bereits erbrachte Gegenleistungen des\u00a0Vertragspartners werden unverz\u00fcglich erstattet. Die gesetzlichen Anspr\u00fcche des\u00a0Kunden bleiben unber\u00fchrt.<\/p>\n<p>(3) Gegen\u00fcber Unternehmern geht die Gefahr der Verschlechterung oder des\u00a0Untergangs der Ware mit der \u00dcbergabe des Liefergegenstandes an das\u00a0Transportunternehmen auf den Besteller \u00fcber. Verz\u00f6gert sich die \u00dcbergabe oder\u00a0Versendung aus vom Besteller zu vertretenden Gr\u00fcnden, so geht die Gefahr am\u00a0Tage der Mitteilung der Versandbereitschaft des Liefergegenstandes auf den\u00a0Besteller \u00fcber.<\/p>\n<h3>\u00a7 6 Annahmeverzug<\/h3>\n<p>(1) Kommt der Kunde in Annahmeverzug oder verletzt er schuldhaft sonstige\u00a0Mitwirkungspflichten, so sind wir berechtigt, den uns hierdurch entstehenden\u00a0Schaden einschlie\u00dflich etwaiger Mehraufwendungen ersetzt zu verlangen.\u00a0Weitergehende Anspr\u00fcche bleiben vorbehalten.<\/p>\n<p>(2) Der Kaufpreis ist w\u00e4hrend des Verzugs zu verzinsen. Der Verzugszinssatz\u00a0betr\u00e4gt per anno f\u00fcnf Prozentpunkte \u00fcber dem Basiszinssatz. Bei Rechtsgesch\u00e4ften\u00a0zwischen Unternehmern betr\u00e4gt der Zinssatz acht Prozentpunkte \u00fcber dem\u00a0Basiszinssatz.<\/p>\n<p>(3) Dem Kunden bleibt seinerseits vorbehalten nachzuweisen, dass ein Schaden in\u00a0der verlangten H\u00f6he nicht oder zumindest wesentlich niedriger entstanden ist. Die\u00a0Gefahr eines zuf\u00e4lligen Untergangs oder einer zuf\u00e4lligen Verschlechterung der\u00a0Kaufsache geht in dem Zeitpunkt auf den Besteller \u00fcber, in dem dieser in Annahme oder\u00a0Schuldnerverzug ger\u00e4t.<\/p>\n<h3>\u00a7 7 Gew\u00e4hrleistung<\/h3>\n<p>(1) Im Falle eines Mangels hat der Kunde die Wahl, ob die Nacherf\u00fcllung durch\u00a0Nachbesserung oder Ersatzlieferung erfolgen soll. Wir sind jedoch berechtigt, die\u00a0vom Besteller gew\u00e4hlte Art der Nacherf\u00fcllung zu verweigern, wenn sie nur mit\u00a0unverh\u00e4ltnism\u00e4\u00dfigen Kosten m\u00f6glich ist und die andere Art der Nacherf\u00fcllung ohne\u00a0erhebliche Nachteile f\u00fcr den Kunden bleibt.<\/p>\n<p>(2) Ist die Nacherf\u00fcllung fehlgeschlagen oder haben wir die Nacherf\u00fcllung insgesamt\u00a0verweigert, kann der Kunde nach seiner Wahl Herabsetzung des Kaufpreises\u00a0(Minderung) verlangen oder den R\u00fccktritt vom Vertrag erkl\u00e4ren. Eventuelle\u00a0Schadensersatzanspr\u00fcche des Kunden bleiben hiervon unber\u00fchrt.<\/p>\n<p>(3) Ist der Kunde Unternehmer im Sinne des \u00a7 14 BGB gilt f\u00fcr die\u00a0Gew\u00e4hrleistungsanspr\u00fcche des Kunden Folgendes als vereinbart: Offensichtliche\u00a0M\u00e4ngel m\u00fcssen gegen\u00fcber dem Anbieter unverz\u00fcglich, sp\u00e4testens innerhalb von 14\u00a0Kalendertagen nach Lieferung der Ware schriftlich angezeigt werden, verdeckte\u00a0M\u00e4ngel sind ebenfalls unverz\u00fcglich, sp\u00e4testens innerhalb von 14 Kalendertagen\u00a0nach deren Bekannt werden schriftlich anzuzeigen. Erfolgt die M\u00e4ngelanzeige nicht\u00a0fristgerecht, sind die Gew\u00e4hrleistungsrechte des Kunden bezogen auf den nicht\u00a0rechtzeitig angezeigten Mangel ausgeschlossen. Das gilt jedoch nicht, soweit der\u00a0Anbieter den Mangel arglistig verschwiegen und\/oder eine entsprechende Garantie\u00a0\u00fcbernommen hat. Gew\u00e4hrleistungsanspr\u00fcche verj\u00e4hren \u2013 au\u00dfer im Fall von\u00a0Schadensersatzanspr\u00fcchen \u2013 innerhalb eines Jahres nach Ablieferung der\u00a0Kaufsache an den Unternehmer.<\/p>\n<h3>\u00a7 8 Haftungsbegrenzung<\/h3>\n<p>(1) Bei leicht fahrl\u00e4ssiger Pflichtverletzung beschr\u00e4nkt sich die Haftung des Anbieters\u00a0sowie der Erf\u00fcllungsgehilfen des Anbieters auf den nach der Art Ware\u00a0vorhersehbaren, vertragstypischen, \u00a0unmittelbaren Durchschnittsschaden. Bei leicht\u00a0fahrl\u00e4ssigen Pflichtverletzungen von nicht vertragswesentlichen Pflichten, durch\u00a0deren Verletzung die Durchf\u00fchrung des Vertrages nicht gef\u00e4hrdet wird, haften wir\u00a0sowie unsere Erf\u00fcllungsgehilfen nicht.<\/p>\n<p>(2) Die vorstehenden Haftungsbeschr\u00e4nkungen gelten nicht bei Anspr\u00fcchen aus\u00a0Produkthaftung oder aus Garantie sowie bei Anspr\u00fcchen aufgrund von K\u00f6rper- und\u00a0Gesundheitssch\u00e4den sowie bei Verlust Ihres Lebens.<\/p>\n<h3>\u00a7 9 Datenschutz<\/h3>\n<p>Wir behandeln Ihre personenbezogenen Daten vertraulich und entsprechend der\u00a0gesetzlichen Datenschutzvorschriften. Eine Weitergabe Ihrer Daten ohne Ihre\u00a0ausdr\u00fcckliche Einwilligung erfolgt nicht bzw. nur im Rahmen der notwendigen\u00a0Abwicklung des Vertrages, etwa an die mit der Lieferung der Ware betrauten\u00a0Unternehmen.<\/p>\n<h3>\u00a7 10 Anwendbares Recht, Gerichtsstand<\/h3>\n<p>(1) Anwendbar ist das Recht der Bundesrepublik Deutschland unter Ausschluss des\u00a0UN-Kaufrechts, soweit diese Rechtswahl nicht dazu f\u00fchrt, dass ein Verbraucher\u00a0hierdurch zwingenden verbrauchersch\u00fctzenden Normen entzogen wird.<\/p>\n<p>(2) Sind die Vertragsparteien Kaufleute, ist das Gericht an unserem Sitz in Hamburg\u00a0zust\u00e4ndig, sofern nicht f\u00fcr die Streitigkeit ein ausschlie\u00dflicher Gerichtsstand\u00a0begr\u00fcndet ist. Dies gilt auch, wenn der Kunde keinen Wohnsitz innerhalb der\u00a0Europ\u00e4ischen Union hat.<\/p>\n<h3>\u00a7 11 Schlussbestimmung<\/h3>\n<p>Soweit eine Bestimmung dieses Vertrages ung\u00fcltig oder undurchsetzbar ist oder\u00a0wird, bleiben die \u00fcbrigen Bestimmungen dieses Vertrages hiervon unber\u00fchrt.<\/p>\n<p><a href=\"https:\/\/www.bi-elbinseln.de\/manufaktur\/wp-content\/uploads\/DIE_Manufaktur-AGB_Onlineshop.pdf\" rel=\"\">Download der AGBs als PDF<\/a><br \/>\n[gzd_complaints]<\/p>\n","protected":false},"excerpt":{"rendered":"<p>Allgemeine Gesch\u00e4ftsbedingungen BI Beruf und Integration Elbinseln gGmbH Neuh\u00f6fer Stra\u00dfe 26 21107 Hamburg &#8211; nachfolgend Anbieter \u2013 \u00a7 1 Geltungsbereich (1) Die Leistungen des Anbieters f\u00fcr den Online-Shop unter https:\/\/www.bi-elbinseln.de\/manufaktur\/\u00a0erfolgen ausschlie\u00dflich auf der Grundlage der nachfolgenden\u00a0Allgemeinen Gesch\u00e4ftsbedingungen in der \u00a0um Zeitpunkt der Bestellung g\u00fcltigen\u00a0Fassung. (2) Unsere Allgemeinen Gesch\u00e4ftsbedingungen gelten ausschlie\u00dflich. Von unseren\u00a0Allgemeinen Gesch\u00e4ftsbedingungen abweichende AGB [&hellip;]<\/p>\n","protected":false},"author":2,"featured_media":0,"parent":0,"menu_order":1060,"comment_status":"closed","ping_status":"closed","template":"template-fullwidth.php","meta":[],"_links":{"self":[{"href":"https:\/\/www.bi-elbinseln.de\/manufaktur\/wp-json\/wp\/v2\/pages\/49"}],"collection":[{"href":"https:\/\/www.bi-elbinseln.de\/manufaktur\/wp-json\/wp\/v2\/pages"}],"about":[{"href":"https:\/\/www.bi-elbinseln.de\/manufaktur\/wp-json\/wp\/v2\/types\/page"}],"author":[{"embeddable":true,"href":"https:\/\/www.bi-elbinseln.de\/manufaktur\/wp-json\/wp\/v2\/users\/2"}],"replies":[{"embeddable":true,"href":"https:\/\/www.bi-elbinseln.de\/manufaktur\/wp-json\/wp\/v2\/comments?post=49"}],"version-history":[{"count":12,"href":"https:\/\/www.bi-elbinseln.de\/manufaktur\/wp-json\/wp\/v2\/pages\/49\/revisions"}],"predecessor-version":[{"id":992,"href":"https:\/\/www.bi-elbinseln.de\/manufaktur\/wp-json\/wp\/v2\/pages\/49\/revisions\/992"}],"wp:attachment":[{"href":"https:\/\/www.bi-elbinseln.de\/manufaktur\/wp-json\/wp\/v2\/media?parent=49"}],"curies":[{"name":"wp","href":"https:\/\/api.w.org\/{rel}","templated":true}]}}